{"id":3808,"date":"2022-01-25T12:43:21","date_gmt":"2022-01-25T11:43:21","guid":{"rendered":"https:\/\/www.baumhaus-projekt.de\/1634649985812\/?page_id=3808"},"modified":"2022-02-15T12:00:42","modified_gmt":"2022-02-15T11:00:42","slug":"bewerbung","status":"publish","type":"page","link":"https:\/\/www.baumhaus-projekt.de\/1634649985812\/?page_id=3808","title":{"rendered":"Bewerbung"},"content":{"rendered":"<p>[et_pb_section fb_built=&#8220;1&#8243; admin_label=&#8220;Hero&#8220; _builder_version=&#8220;4.11.3&#8243; _module_preset=&#8220;4e3bd98f-0642-4de0-a055-51aadc667103&#8243; locked=&#8220;off&#8220; global_colors_info=&#8220;{}&#8220;][et_pb_row _builder_version=&#8220;4.11.3&#8243; _module_preset=&#8220;46ce5678-d0f3-450b-8afd-87a794989dcc&#8220; global_colors_info=&#8220;{}&#8220;][et_pb_column type=&#8220;4_4&#8243; _builder_version=&#8220;3.25&#8243; custom_padding=&#8220;|||&#8220; global_colors_info=&#8220;{}&#8220; custom_padding__hover=&#8220;|||&#8220;][et_pb_text _builder_version=&#8220;4.11.3&#8243; _module_preset=&#8220;0752feba-0b15-4dd3-90c7-f09a7fcef200&#8243; global_colors_info=&#8220;{}&#8220;]<\/p>\n<h1 style=\"text-align: left;\">Deine Bewerbung<\/h1>\n<p style=\"text-align: left;\">Du willst dich als Freiwilliger engagieren und ein unvergessliches Jahr im Ausland verbringen?<br \/>Dann bewirb dich jetzt und werde Teil des Baumhaus-Projektes!<\/p>\n<p>[\/et_pb_text][\/et_pb_column][\/et_pb_row][\/et_pb_section][et_pb_section fb_built=&#8220;1&#8243; admin_label=&#8220;Deine Bewerbung&#8220; _builder_version=&#8220;4.11.3&#8243; _module_preset=&#8220;default&#8220; custom_margin=&#8220;0px||||false|false&#8220; locked=&#8220;off&#8220; global_colors_info=&#8220;{}&#8220;][et_pb_row admin_label=&#8220;Welche Voraussetzungen?&#8220; _builder_version=&#8220;4.11.3&#8243; _module_preset=&#8220;default&#8220; global_colors_info=&#8220;{}&#8220;][et_pb_column type=&#8220;4_4&#8243; _builder_version=&#8220;4.11.3&#8243; _module_preset=&#8220;default&#8220; global_colors_info=&#8220;{}&#8220;][et_pb_text admin_label=&#8220;\u00dcberschrift&#8220; _builder_version=&#8220;4.11.3&#8243; _module_preset=&#8220;889c2e75-3db8-46f1-9802-f8006d7b2602&#8243; locked=&#8220;off&#8220; global_colors_info=&#8220;{}&#8220;]<\/p>\n<h3>Deine Bewerbung<\/h3>\n<h2>Was solltest du mitbringen?<\/h2>\n<p>[\/et_pb_text][et_pb_text admin_label=&#8220;Checkliste&#8220; _builder_version=&#8220;4.11.3&#8243; _module_preset=&#8220;08625746-8b82-4767-bc85-cc97cb7b6f05&#8243; custom_padding=&#8220;1%||||false|false&#8220; text_font_size_tablet=&#8220;&#8220; text_font_size_phone=&#8220;&#8220; text_font_size_last_edited=&#8220;on|desktop&#8220; global_colors_info=&#8220;{}&#8220;]<\/p>\n<p>Ein Freiwilligendienst bei Baumhaus im Rahmen eines Internationalen Jugendfreiwilligendienst oder Bundesfreiwilligendienst ist an eine Reihe von Voraussetzungen gekn\u00fcpft, die sicherstellen sollen, dass die Freiwilligen wissen, worauf sich einlassen und eine erf\u00fcllende Zeit verbringen.<\/p>\n<p>Wir haben dir bei den Infoseiten zum <a href=\"https:\/\/www.baumhaus-projekt.de\/1634649985812\/?page_id=3796\">IJFD<\/a> und <a href=\"https:\/\/www.baumhaus-projekt.de\/1634649985812\/?page_id=3805\">BFD <\/a> jeweils eine kleine Checkliste mit den wichtigsten Anforderungen zusammengestellt. Unten findest du noch einmal die wichtigsten Punkte f\u00fcr beide. Geh sie doch einmal durch und guck wieviele Punkte auf dich zutreffen. Wenn du alle Punkte abhaken kannst, dann herzlichen Gl\u00fcckwunsch, sieh dir das Video zum Bewerbungsprozess an und bewirb dich noch bis zum <b>15.03.<\/b><\/p>\n<fieldset class=\"checkboxgroup\"><label><input type=\"checkbox\" \/> Du bist f\u00fcr den IJFD zwischen <b>16 und 26 Jahre<\/b> alt?<\/label><br \/><label><input type=\"checkbox\" \/> Du bist bereit mindestens <b>6 Monate<\/b> Zeit aufzubringen? <\/label><br \/><label><input type=\"checkbox\" \/> Als Entgeltung f\u00fcr deine Arbeit gen\u00fcgen dir eine <b>unentgeltliche <\/b> Unterkunft, ggf. Verpflegung sowie ein kleines Taschengeld (H\u00f6he h\u00e4ngt von der Einsatzstelle ab)?<\/label><br \/><label><input type=\"checkbox\" \/> Deine <b>Deutschkenntnisse<\/b> sind gut bis sehr gut?<\/label><br \/><label><input type=\"checkbox\" \/> Du hast eine Begeisterung f\u00fcrs <b>Lernen und Lehren<\/b>?<\/label><br \/><label><input type=\"checkbox\" \/> Du engagierst dich gerne <b>ehrenamtlich<\/b> und bist interessiert an anderen Kulturen?<\/label><\/fieldset>\n<p>Wenn du die Punkte hier und auf den Unterseiten alle mit JA! beantworten konntest, stehen die Chancen gut, dass ein Freiwilligendienst bei Baumhaus das richtige f\u00fcr dich ist!<\/p>\n<p>[\/et_pb_text][\/et_pb_column][\/et_pb_row][et_pb_row _builder_version=&#8220;4.11.3&#8243; _module_preset=&#8220;55fdc03b-f0ea-4519-a530-c18351b0d2f2&#8243; global_colors_info=&#8220;{}&#8220;][et_pb_column type=&#8220;4_4&#8243; _builder_version=&#8220;4.11.3&#8243; _module_preset=&#8220;default&#8220; global_colors_info=&#8220;{}&#8220;][et_pb_text _builder_version=&#8220;4.11.3&#8243; _module_preset=&#8220;889c2e75-3db8-46f1-9802-f8006d7b2602&#8243; locked=&#8220;off&#8220; global_colors_info=&#8220;{}&#8220;]<\/p>\n<h2>Der Bewerbungsprozess<\/h2>\n<p>[\/et_pb_text][et_pb_video src=&#8220;https:\/\/www.baumhaus-projekt.de\/1634649985812\/wp-content\/uploads\/2022\/02\/Baumhaus_Freiwilligendienst_Bewerbungsvideo.mp4&#8243; _builder_version=&#8220;4.11.3&#8243; _module_preset=&#8220;default&#8220; global_colors_info=&#8220;{}&#8220;][\/et_pb_video][\/et_pb_column][\/et_pb_row][\/et_pb_section][et_pb_section fb_built=&#8220;1&#8243; disabled_on=&#8220;off|off|off&#8220; _builder_version=&#8220;4.11.3&#8243; _module_preset=&#8220;default&#8220; background_color=&#8220;#F4F1DE&#8220; locked=&#8220;off&#8220; global_colors_info=&#8220;{}&#8220;][et_pb_row _builder_version=&#8220;4.11.3&#8243; _module_preset=&#8220;default&#8220; global_colors_info=&#8220;{}&#8220;][et_pb_column type=&#8220;4_4&#8243; _builder_version=&#8220;4.11.3&#8243; _module_preset=&#8220;default&#8220; global_colors_info=&#8220;{}&#8220;][et_pb_text _builder_version=&#8220;4.11.3&#8243; _module_preset=&#8220;889c2e75-3db8-46f1-9802-f8006d7b2602&#8243; custom_padding=&#8220;1%|1%||1%|false|false&#8220; locked=&#8220;off&#8220; global_colors_info=&#8220;{}&#8220;]<\/p>\n<h2>Das ging dir zu schnell?<\/h2>\n<p>[\/et_pb_text][et_pb_text _builder_version=&#8220;4.11.3&#8243; _module_preset=&#8220;08625746-8b82-4767-bc85-cc97cb7b6f05&#8243; custom_padding=&#8220;1%||||false|false&#8220; text_font_size_tablet=&#8220;&#8220; text_font_size_phone=&#8220;&#8220; text_font_size_last_edited=&#8220;on|desktop&#8220; locked=&#8220;off&#8220; global_colors_info=&#8220;{}&#8220;]<\/p>\n<h3>Dann findest du alle wichtigen Infos uns Dokumente auch noch hier.<\/h3>\n<p>[\/et_pb_text][\/et_pb_column][\/et_pb_row][et_pb_row column_structure=&#8220;1_3,1_3,1_3&#8243; _builder_version=&#8220;4.11.3&#8243; _module_preset=&#8220;default&#8220; max_width=&#8220;1410px&#8220; custom_padding=&#8220;|0px||0px|false|false&#8220; global_colors_info=&#8220;{}&#8220;][et_pb_column type=&#8220;1_3&#8243; _builder_version=&#8220;4.11.3&#8243; _module_preset=&#8220;default&#8220; use_background_color_gradient=&#8220;on&#8220; background_color_gradient_start=&#8220;#bee7e8&#8243; background_color_gradient_end=&#8220;#f4f1de&#8220; background_color_gradient_type=&#8220;radial&#8220; background_color_gradient_start_position=&#8220;38%&#8220; background_color_gradient_end_position=&#8220;38%&#8220; custom_padding=&#8220;2%|1%|2%|1%|false|false&#8220; custom_padding_tablet=&#8220;||5%||false|false&#8220; custom_padding_phone=&#8220;|4%|0%|4%|false|false&#8220; custom_padding_last_edited=&#8220;on|phone&#8220; global_colors_info=&#8220;{}&#8220;][et_pb_blurb title=&#8220;Step 1&#8243; use_icon=&#8220;on&#8220; font_icon=&#8220;%%75%%&#8220; icon_color=&#8220;#DB2939&#8243; use_icon_font_size=&#8220;on&#8220; icon_font_size=&#8220;80px&#8220; _builder_version=&#8220;4.11.3&#8243; _module_preset=&#8220;default&#8220; header_font=&#8220;Arvo|700||on|||||&#8220; header_font_size=&#8220;24px&#8220; body_font=&#8220;Josefin Sans||||||||&#8220; body_font_size=&#8220;18px&#8220; body_link_font=&#8220;Josefin Sans||||on||||&#8220; body_link_text_align=&#8220;center&#8220; body_link_text_color=&#8220;#134C5F&#8220; background_color=&#8220;RGBA(0,0,0,0)&#8220; text_orientation=&#8220;center&#8220; width=&#8220;100%&#8220; width_tablet=&#8220;&#8220; width_phone=&#8220;&#8220; width_last_edited=&#8220;on|phone&#8220; custom_margin=&#8220;|-33.5%|||false|false&#8220; custom_padding=&#8220;|0%|||false|false&#8220; hover_transition_duration=&#8220;500ms&#8220; global_colors_info=&#8220;{}&#8220; background__hover_enabled=&#8220;on|desktop&#8220; icon_color__hover_enabled=&#8220;on|hover&#8220; icon_color__hover=&#8220;#134C5F&#8220; icon_font_size__hover_enabled=&#8220;on|hover&#8220; icon_font_size__hover=&#8220;120px&#8220;]<\/p>\n<p>Schick uns deinen ausgef\u00fcllten <strong>Bewerbungsbogen<\/strong> (den Bogen findest du <a href=\"https:\/\/www.baumhaus-projekt.de\/wp-content\/uploads\/2019\/04\/Bewerbung-Baumhaus-Projekt.pdf\"><strong>hier)<\/strong><\/a> sowie deinen <strong>tabellarischen Lebenslauf.<\/strong>\u00a0Am besten per Mail an\u00a0<a href=\"mailto:j.trubbas@baumhaus-projekt.de\">j.trubbas(at)baumhaus-projekt.de.<\/a><\/p>\n<p>&nbsp;<\/p>\n<p>[\/et_pb_blurb][\/et_pb_column][et_pb_column type=&#8220;1_3&#8243; _builder_version=&#8220;4.11.3&#8243; _module_preset=&#8220;default&#8220; use_background_color_gradient=&#8220;on&#8220; background_color_gradient_start=&#8220;#bee7e8&#8243; background_color_gradient_end=&#8220;#f4f1de&#8220; background_color_gradient_type=&#8220;radial&#8220; background_color_gradient_start_position=&#8220;38%&#8220; background_color_gradient_end_position=&#8220;38%&#8220; custom_padding=&#8220;2%|1%|2%|1%|false|false&#8220; custom_padding_tablet=&#8220;||5%||false|false&#8220; custom_padding_phone=&#8220;|4%|0%|4%|false|false&#8220; custom_padding_last_edited=&#8220;on|phone&#8220; global_colors_info=&#8220;{}&#8220;][et_pb_blurb title=&#8220;Step 2&#8243; use_icon=&#8220;on&#8220; font_icon=&#8220;%%86%%&#8220; icon_color=&#8220;#DB2939&#8243; use_icon_font_size=&#8220;on&#8220; icon_font_size=&#8220;80px&#8220; _builder_version=&#8220;4.11.3&#8243; _module_preset=&#8220;default&#8220; header_font=&#8220;Arvo|700||on|||||&#8220; header_font_size=&#8220;24px&#8220; body_font=&#8220;Josefin Sans||||||||&#8220; body_font_size=&#8220;18px&#8220; background_color=&#8220;RGBA(0,0,0,0)&#8220; text_orientation=&#8220;center&#8220; width=&#8220;100%&#8220; hover_transition_duration=&#8220;500ms&#8220; global_colors_info=&#8220;{}&#8220; background__hover_enabled=&#8220;on|desktop&#8220; icon_color__hover_enabled=&#8220;on|desktop&#8220; icon_color__hover=&#8220;#134C5F&#8220; icon_font_size__hover_enabled=&#8220;on|hover&#8220; icon_font_size__hover=&#8220;120px&#8220;]<\/p>\n<p>Nach Sichtung deiner Unterlagen werden wir dich zu einem\u00a0<strong>Auswahlseminar\u00a0<\/strong>einladen. Das Auswahlseminar geht einen Tag lang. W\u00e4hrend des Seminars haben wir die M\u00f6glichkeit dich besser kennen zu lernen, gleichzeitig bekommst du ausf\u00fchrliche Informationen zum Baumhaus-Projekt.<\/p>\n<p>[\/et_pb_blurb][\/et_pb_column][et_pb_column type=&#8220;1_3&#8243; _builder_version=&#8220;4.11.3&#8243; _module_preset=&#8220;default&#8220; use_background_color_gradient=&#8220;on&#8220; background_color_gradient_start=&#8220;#bee7e8&#8243; background_color_gradient_end=&#8220;#f4f1de&#8220; background_color_gradient_type=&#8220;radial&#8220; background_color_gradient_start_position=&#8220;38%&#8220; background_color_gradient_end_position=&#8220;38%&#8220; custom_padding=&#8220;2%|1%|2%|1%|false|false&#8220; custom_padding_tablet=&#8220;||5%||false|false&#8220; custom_padding_phone=&#8220;|4%|0%|4%|false|false&#8220; custom_padding_last_edited=&#8220;on|phone&#8220; global_colors_info=&#8220;{}&#8220;][et_pb_blurb title=&#8220;Step 3&#8243; use_icon=&#8220;on&#8220; font_icon=&#8220;%%277%%&#8220; icon_color=&#8220;#DB2939&#8243; use_icon_font_size=&#8220;on&#8220; icon_font_size=&#8220;80px&#8220; _builder_version=&#8220;4.11.3&#8243; _module_preset=&#8220;default&#8220; header_font=&#8220;Arvo|700||on|||||&#8220; header_font_size=&#8220;24px&#8220; body_font=&#8220;Josefin Sans||||||||&#8220; body_font_size=&#8220;18px&#8220; background_color=&#8220;RGBA(0,0,0,0)&#8220; text_orientation=&#8220;center&#8220; hover_transition_duration=&#8220;500ms&#8220; global_colors_info=&#8220;{}&#8220; background__hover_enabled=&#8220;on|desktop&#8220; icon_color__hover_enabled=&#8220;on|hover&#8220; icon_color__hover=&#8220;#134C5F&#8220; icon_font_size__hover_enabled=&#8220;on|hover&#8220; icon_font_size__hover=&#8220;120px&#8220;]<\/p>\n<p>Abwarten und gl\u00fccklich mit den F\u00fc\u00dfen wackeln.<\/p>\n<p>Einige Tage nach dem Auswahlseminar bekommst du von uns Bescheid, ob Du Teil des Baumhaus-Projekts wirst.<\/p>\n<p>&nbsp;<\/p>\n<p>[\/et_pb_blurb][\/et_pb_column][\/et_pb_row][\/et_pb_section][et_pb_section fb_built=&#8220;1&#8243; admin_label=&#8220;Banner unten&#8220; _builder_version=&#8220;4.11.3&#8243; _module_preset=&#8220;bedede50-22c1-411e-9181-6d8881d26c59&#8243; top_divider_color=&#8220;#F4F1DE&#8220; locked=&#8220;off&#8220; global_colors_info=&#8220;{}&#8220;][et_pb_row use_custom_gutter=&#8220;on&#8220; gutter_width=&#8220;1&#8243; disabled_on=&#8220;off|off|off&#8220; module_class=&#8220; et_pb_row_fullwidth&#8220; _builder_version=&#8220;4.11.3&#8243; width_tablet=&#8220;100%&#8220; width_phone=&#8220;&#8220; width_last_edited=&#8220;on|desktop&#8220; max_width=&#8220;100%&#8220; max_width_tablet=&#8220;100%&#8220; max_width_phone=&#8220;&#8220; max_width_last_edited=&#8220;on|desktop&#8220; make_fullwidth=&#8220;on&#8220; locked=&#8220;off&#8220; global_colors_info=&#8220;{}&#8220;][et_pb_column type=&#8220;4_4&#8243; _builder_version=&#8220;3.25&#8243; custom_padding=&#8220;|||&#8220; global_colors_info=&#8220;{}&#8220; custom_padding__hover=&#8220;|||&#8220;][et_pb_text _builder_version=&#8220;4.11.3&#8243; _module_preset=&#8220;0752feba-0b15-4dd3-90c7-f09a7fcef200&#8243; header_font_size=&#8220;60px&#8220; header_3_font_size=&#8220;25px&#8220; custom_margin=&#8220;4%|3%||4%|false|false&#8220; custom_margin_tablet=&#8220;5%|3%|0px|4%|false|false&#8220; custom_margin_phone=&#8220;12%|3%||4%|false|false&#8220; custom_margin_last_edited=&#8220;on|desktop&#8220; custom_padding=&#8220;|1%|21px|1%|false|false&#8220; custom_padding_tablet=&#8220;|1%|0px|1%|false|false&#8220; custom_padding_phone=&#8220;0px|1%|2%|1%|false|false&#8220; custom_padding_last_edited=&#8220;on|desktop&#8220; header_3_font_size_tablet=&#8220;&#8220; header_3_font_size_phone=&#8220;&#8220; header_3_font_size_last_edited=&#8220;on|desktop&#8220; global_colors_info=&#8220;{}&#8220;]<\/p>\n<h1>Bewirb dich jetzt bis zum 15.03.2022!<\/h1>\n<h3>Sei dabei, wenn es im September hei\u00dft: Koffer packen und los!<\/h3>\n<p>[\/et_pb_text][et_pb_text _builder_version=&#8220;4.11.3&#8243; text_font=&#8220;Josefin Sans|700||on|||||&#8220; text_text_color=&#8220;rgba(255,255,255,0.2)&#8220; text_font_size=&#8220;15vw&#8220; text_line_height=&#8220;1em&#8220; quote_font=&#8220;||||||||&#8220; header_font=&#8220;||||||||&#8220; width_tablet=&#8220;100%&#8220; width_phone=&#8220;100%&#8220; width_last_edited=&#8220;on|phone&#8220; min_height=&#8220;299px&#8220; custom_margin=&#8220;||-50%||false|false&#8220; custom_margin_tablet=&#8220;||-50%||false|false&#8220; custom_margin_phone=&#8220;0px||-50%||false|false&#8220; custom_margin_last_edited=&#8220;on|desktop&#8220; custom_padding=&#8220;3%||||false|false&#8220; custom_padding_tablet=&#8220;&#8220; custom_padding_phone=&#8220;3%||||false|false&#8220; custom_padding_last_edited=&#8220;on|desktop&#8220; filter_blur=&#8220;7px&#8220; animation_style=&#8220;slide&#8220; animation_direction=&#8220;right&#8220; animation_duration=&#8220;10000ms&#8220; animation_intensity_slide=&#8220;10%&#8220; animation_starting_opacity=&#8220;40%&#8220; animation_speed_curve=&#8220;linear&#8220; text_font_size_tablet=&#8220;124px&#8220; text_font_size_phone=&#8220;70px&#8220; text_font_size_last_edited=&#8220;on|phone&#8220; global_colors_info=&#8220;{}&#8220;]<nobr> Adventure<\/nobr>[\/et_pb_text][\/et_pb_column][\/et_pb_row][\/et_pb_section]<\/p>\n","protected":false},"excerpt":{"rendered":"<p>Deine Bewerbung Du willst dich als Freiwilliger engagieren und ein unvergessliches Jahr im Ausland verbringen?Dann bewirb dich jetzt und werde Teil des Baumhaus-Projektes!Deine Bewerbung Was solltest du mitbringen?Ein Freiwilligendienst bei Baumhaus im Rahmen eines Internationalen Jugendfreiwilligendienst oder Bundesfreiwilligendienst ist an eine Reihe von Voraussetzungen gekn\u00fcpft, die sicherstellen sollen, dass die Freiwilligen wissen, worauf sich einlassen [&hellip;]<\/p>\n","protected":false},"author":6,"featured_media":0,"parent":0,"menu_order":0,"comment_status":"closed","ping_status":"closed","template":"","meta":{"_et_pb_use_builder":"on","_et_pb_old_content":"","_et_gb_content_width":""},"_links":{"self":[{"href":"https:\/\/www.baumhaus-projekt.de\/1634649985812\/index.php?rest_route=\/wp\/v2\/pages\/3808"}],"collection":[{"href":"https:\/\/www.baumhaus-projekt.de\/1634649985812\/index.php?rest_route=\/wp\/v2\/pages"}],"about":[{"href":"https:\/\/www.baumhaus-projekt.de\/1634649985812\/index.php?rest_route=\/wp\/v2\/types\/page"}],"author":[{"embeddable":true,"href":"https:\/\/www.baumhaus-projekt.de\/1634649985812\/index.php?rest_route=\/wp\/v2\/users\/6"}],"replies":[{"embeddable":true,"href":"https:\/\/www.baumhaus-projekt.de\/1634649985812\/index.php?rest_route=%2Fwp%2Fv2%2Fcomments&post=3808"}],"version-history":[{"count":17,"href":"https:\/\/www.baumhaus-projekt.de\/1634649985812\/index.php?rest_route=\/wp\/v2\/pages\/3808\/revisions"}],"predecessor-version":[{"id":4741,"href":"https:\/\/www.baumhaus-projekt.de\/1634649985812\/index.php?rest_route=\/wp\/v2\/pages\/3808\/revisions\/4741"}],"wp:attachment":[{"href":"https:\/\/www.baumhaus-projekt.de\/1634649985812\/index.php?rest_route=%2Fwp%2Fv2%2Fmedia&parent=3808"}],"curies":[{"name":"wp","href":"https:\/\/api.w.org\/{rel}","templated":true}]}}